{"id":110,"date":"2023-04-14T12:40:36","date_gmt":"2023-04-14T15:40:36","guid":{"rendered":"https:\/\/laherreriaconstrucciones.com.ar\/?page_id=110"},"modified":"2024-11-21T09:37:40","modified_gmt":"2024-11-21T12:37:40","slug":"contacto","status":"publish","type":"page","link":"https:\/\/laherreriaconstrucciones.com.ar\/en\/contacto\/","title":{"rendered":"Contact"},"content":{"rendered":"<p>[et_pb_section fb_built=\u00bb1&#8243; admin_label=\u00bbFooter\u00bb _builder_version=\u00bb4.27.3&#8243; _module_preset=\u00bbdefault\u00bb background_color=\u00bb#1f2538&#8243; saved_tabs=\u00bball\u00bb locked=\u00bboff\u00bb collapsed=\u00bbon\u00bb global_colors_info=\u00bb{}\u00bb][et_pb_row column_structure=\u00bb1_2,1_4,1_4&#8243; use_custom_gutter=\u00bbon\u00bb gutter_width=\u00bb1&#8243; make_equal=\u00bbon\u00bb _builder_version=\u00bb4.19.0&#8243; _module_preset=\u00bbdefault\u00bb custom_padding=\u00bb0px||0px||true|false\u00bb border_width_all=\u00bb1px\u00bb border_color_all=\u00bb#3E3E3E\u00bb global_colors_info=\u00bb{}\u00bb][et_pb_column type=\u00bb1_2&#8243; _builder_version=\u00bb4.19.0&#8243; _module_preset=\u00bbdefault\u00bb custom_padding=\u00bb40px|40px|40px|40px|true|true\u00bb custom_padding_tablet=\u00bb30px|30px|30px|30px|true|true\u00bb custom_padding_phone=\u00bb20px|20px|20px|20px|true|true\u00bb custom_padding_last_edited=\u00bbon|tablet\u00bb border_color_all=\u00bb#3E3E3E\u00bb border_width_right=\u00bb1px\u00bb border_width_right_tablet=\u00bb0px\u00bb border_width_right_phone=\u00bb\u00bb border_width_right_last_edited=\u00bbon|tablet\u00bb global_colors_info=\u00bb{}\u00bb][et_pb_text _builder_version=\u00bb4.21.0&#8243; _module_preset=\u00bb5830586e-a6fe-4895-854d-17d92483bbbb\u00bb custom_margin=\u00bb||30px||false|false\u00bb header_2_font_size_tablet=\u00bb\u00bb header_2_font_size_phone=\u00bb26px\u00bb header_2_font_size_last_edited=\u00bbon|phone\u00bb global_colors_info=\u00bb{}\u00bb]<\/p>\n<h2>Cont\u00e1ctenos<\/h2>\n<p>[\/et_pb_text][et_pb_contact_form captcha=\u00bboff\u00bb email=\u00bblaherreriaconstrucciones@gmail.com\u00bb _builder_version=\u00bb4.23.1&#8243; _module_preset=\u00bb7eebf2e3-a845-4201-8787-983ba5c22799&#8243; custom_button=\u00bbon\u00bb button_text_color=\u00bb#EDF000&#8243; button_text_size_tablet=\u00bb\u00bb button_text_size_phone=\u00bb16px\u00bb button_text_size_last_edited=\u00bbon|phone\u00bb locked=\u00bboff\u00bb global_colors_info=\u00bb{%22gcid-233cd77b-4711-403e-b130-11d9e5b5d115%22:%91%22button_bg_color%22%93,%22gcid-9d8d6552-a4b0-4171-847a-f5c0d7177503%22:%91%22form_field_text_color%22%93}\u00bb][et_pb_contact_field field_id=\u00bbNombre\u00bb field_title=\u00bbNombre\u00bb _builder_version=\u00bb4.20.2&#8243; _module_preset=\u00bbdefault\u00bb global_colors_info=\u00bb{}\u00bb button_text_size__hover_enabled=\u00bboff\u00bb button_one_text_size__hover_enabled=\u00bboff\u00bb button_two_text_size__hover_enabled=\u00bboff\u00bb button_text_color__hover_enabled=\u00bboff\u00bb button_one_text_color__hover_enabled=\u00bboff\u00bb button_two_text_color__hover_enabled=\u00bboff\u00bb button_border_width__hover_enabled=\u00bboff\u00bb button_one_border_width__hover_enabled=\u00bboff\u00bb button_two_border_width__hover_enabled=\u00bboff\u00bb button_border_color__hover_enabled=\u00bboff\u00bb button_one_border_color__hover_enabled=\u00bboff\u00bb button_two_border_color__hover_enabled=\u00bboff\u00bb button_border_radius__hover_enabled=\u00bboff\u00bb button_one_border_radius__hover_enabled=\u00bboff\u00bb button_two_border_radius__hover_enabled=\u00bboff\u00bb button_letter_spacing__hover_enabled=\u00bboff\u00bb button_one_letter_spacing__hover_enabled=\u00bboff\u00bb button_two_letter_spacing__hover_enabled=\u00bboff\u00bb button_bg_color__hover_enabled=\u00bboff\u00bb button_one_bg_color__hover_enabled=\u00bboff\u00bb button_two_bg_color__hover_enabled=\u00bboff\u00bb][\/et_pb_contact_field][et_pb_contact_field field_id=\u00bbEmail\u00bb field_title=\u00bbDirecci\u00f3n de mail\u00bb field_type=\u00bbemail\u00bb _builder_version=\u00bb4.20.2&#8243; _module_preset=\u00bbdefault\u00bb global_colors_info=\u00bb{}\u00bb button_text_size__hover_enabled=\u00bboff\u00bb button_one_text_size__hover_enabled=\u00bboff\u00bb button_two_text_size__hover_enabled=\u00bboff\u00bb button_text_color__hover_enabled=\u00bboff\u00bb button_one_text_color__hover_enabled=\u00bboff\u00bb button_two_text_color__hover_enabled=\u00bboff\u00bb button_border_width__hover_enabled=\u00bboff\u00bb button_one_border_width__hover_enabled=\u00bboff\u00bb button_two_border_width__hover_enabled=\u00bboff\u00bb button_border_color__hover_enabled=\u00bboff\u00bb button_one_border_color__hover_enabled=\u00bboff\u00bb button_two_border_color__hover_enabled=\u00bboff\u00bb button_border_radius__hover_enabled=\u00bboff\u00bb button_one_border_radius__hover_enabled=\u00bboff\u00bb button_two_border_radius__hover_enabled=\u00bboff\u00bb button_letter_spacing__hover_enabled=\u00bboff\u00bb button_one_letter_spacing__hover_enabled=\u00bboff\u00bb button_two_letter_spacing__hover_enabled=\u00bboff\u00bb button_bg_color__hover_enabled=\u00bboff\u00bb button_one_bg_color__hover_enabled=\u00bboff\u00bb button_two_bg_color__hover_enabled=\u00bboff\u00bb][\/et_pb_contact_field][et_pb_contact_field field_id=\u00bbMessage\u00bb field_title=\u00bbMensaje\u00bb field_type=\u00bbtext\u00bb fullwidth_field=\u00bbon\u00bb _builder_version=\u00bb4.20.2&#8243; _module_preset=\u00bbdefault\u00bb global_colors_info=\u00bb{}\u00bb button_text_size__hover_enabled=\u00bboff\u00bb button_one_text_size__hover_enabled=\u00bboff\u00bb button_two_text_size__hover_enabled=\u00bboff\u00bb button_text_color__hover_enabled=\u00bboff\u00bb button_one_text_color__hover_enabled=\u00bboff\u00bb button_two_text_color__hover_enabled=\u00bboff\u00bb button_border_width__hover_enabled=\u00bboff\u00bb button_one_border_width__hover_enabled=\u00bboff\u00bb button_two_border_width__hover_enabled=\u00bboff\u00bb button_border_color__hover_enabled=\u00bboff\u00bb button_one_border_color__hover_enabled=\u00bboff\u00bb button_two_border_color__hover_enabled=\u00bboff\u00bb button_border_radius__hover_enabled=\u00bboff\u00bb button_one_border_radius__hover_enabled=\u00bboff\u00bb button_two_border_radius__hover_enabled=\u00bboff\u00bb button_letter_spacing__hover_enabled=\u00bboff\u00bb button_one_letter_spacing__hover_enabled=\u00bboff\u00bb button_two_letter_spacing__hover_enabled=\u00bboff\u00bb button_bg_color__hover_enabled=\u00bboff\u00bb button_one_bg_color__hover_enabled=\u00bboff\u00bb button_two_bg_color__hover_enabled=\u00bboff\u00bb][\/et_pb_contact_field][\/et_pb_contact_form][\/et_pb_column][et_pb_column type=\u00bb1_4&#8243; _builder_version=\u00bb4.19.0&#8243; _module_preset=\u00bbdefault\u00bb custom_padding=\u00bb40px|20px|40px|20px|true|true\u00bb custom_padding_tablet=\u00bb30px|30px|30px|30px|true|true\u00bb custom_padding_phone=\u00bb20px|20px|20px|20px|true|true\u00bb custom_padding_last_edited=\u00bbon|tablet\u00bb border_color_all=\u00bb#3E3E3E\u00bb border_width_right=\u00bb1px\u00bb border_width_right_tablet=\u00bb0px\u00bb border_width_right_phone=\u00bb\u00bb border_width_right_last_edited=\u00bbon|tablet\u00bb global_colors_info=\u00bb{}\u00bb][et_pb_text _builder_version=\u00bb4.20.2&#8243; _module_preset=\u00bbc299f4f5-8794-45a0-a01f-ad46a54d7e02&#8243; global_colors_info=\u00bb{}\u00bb]<\/p>\n<h6>Ubicaci\u00f3n<\/h6>\n<p>[\/et_pb_text][et_pb_text _builder_version=\u00bb4.20.2&#8243; _module_preset=\u00bb0986be83-5ac7-4f87-86ef-d4e9d6d4d35c\u00bb text_text_color=\u00bbRGBA(255,255,255,0.72)\u00bb custom_margin=\u00bb||60px||false|false\u00bb custom_margin_tablet=\u00bb||30px||false|false\u00bb custom_margin_phone=\u00bb\u00bb custom_margin_last_edited=\u00bbon|tablet\u00bb global_colors_info=\u00bb{}\u00bb]<\/p>\n<p>Soler 574 &#8211; Godoy Cruz- Mendoza &#8211; Argentina<\/p>\n<p>[\/et_pb_text][et_pb_text _builder_version=\u00bb4.20.2&#8243; _module_preset=\u00bbc299f4f5-8794-45a0-a01f-ad46a54d7e02&#8243; transform_translate=\u00bb0px|-18px\u00bb transform_translate_linked=\u00bboff\u00bb global_colors_info=\u00bb{}\u00bb]<\/p>\n<h6>Email<\/h6>\n<p>[\/et_pb_text][et_pb_text _builder_version=\u00bb4.27.3&#8243; _module_preset=\u00bb0986be83-5ac7-4f87-86ef-d4e9d6d4d35c\u00bb text_text_color=\u00bbRGBA(255,255,255,0.72)\u00bb text_font_size=\u00bb12px\u00bb link_text_color=\u00bb#F7FC01&#8243; transform_scale=\u00bb112%|112%\u00bb transform_translate=\u00bb8px|-8px\u00bb custom_margin=\u00bb||60px||false|false\u00bb custom_margin_tablet=\u00bb||30px||false|false\u00bb custom_margin_phone=\u00bb||0px|6px|false|false\u00bb custom_margin_last_edited=\u00bbon|tablet\u00bb text_font_size_tablet=\u00bb12px\u00bb text_font_size_phone=\u00bb15px\u00bb text_font_size_last_edited=\u00bbon|phone\u00bb locked=\u00bboff\u00bb global_colors_info=\u00bb{}\u00bb]<\/p>\n<p>laherreriaconstrucciones@gmail.com<\/p>\n<p>[\/et_pb_text][\/et_pb_column][et_pb_column type=\u00bb1_4&#8243; _builder_version=\u00bb4.19.0&#8243; _module_preset=\u00bbdefault\u00bb custom_padding=\u00bb40px|20px|40px|20px|true|true\u00bb custom_padding_tablet=\u00bb30px|30px|30px|30px|true|true\u00bb custom_padding_phone=\u00bb20px|20px|20px|20px|true|true\u00bb custom_padding_last_edited=\u00bbon|tablet\u00bb global_colors_info=\u00bb{}\u00bb][et_pb_text _builder_version=\u00bb4.20.2&#8243; _module_preset=\u00bbc299f4f5-8794-45a0-a01f-ad46a54d7e02&#8243; locked=\u00bboff\u00bb global_colors_info=\u00bb{}\u00bb]<\/p>\n<h6>Tel\u00e9fono<\/h6>\n<p>[\/et_pb_text][et_pb_text _builder_version=\u00bb4.20.2&#8243; _module_preset=\u00bb0986be83-5ac7-4f87-86ef-d4e9d6d4d35c\u00bb text_text_color=\u00bbRGBA(255,255,255,0.72)\u00bb text_font_size=\u00bb21px\u00bb custom_margin=\u00bb||60px||false|false\u00bb custom_margin_tablet=\u00bb||30px||false|false\u00bb custom_margin_phone=\u00bb\u00bb custom_margin_last_edited=\u00bbon|tablet\u00bb locked=\u00bboff\u00bb global_colors_info=\u00bb{}\u00bb]<\/p>\n<p>+54 9 2615716450<\/p>\n<p>[\/et_pb_text][et_pb_text _builder_version=\u00bb4.20.2&#8243; _module_preset=\u00bbc299f4f5-8794-45a0-a01f-ad46a54d7e02&#8243; custom_margin=\u00bb||10px||false|false\u00bb locked=\u00bboff\u00bb global_colors_info=\u00bb{}\u00bb]<\/p>\n<h6>Seguinos<\/h6>\n<p>[\/et_pb_text][et_pb_social_media_follow icon_color=\u00bbrgba(255,255,255,0.72)\u00bb use_icon_font_size=\u00bbon\u00bb icon_font_size=\u00bb14px\u00bb _builder_version=\u00bb4.27.3&#8243; _module_preset=\u00bbdefault\u00bb hover_enabled=\u00bb0&#8243; border_radii=\u00bbon|100px|100px|100px|100px\u00bb border_width_all=\u00bb1px\u00bb border_color_all=\u00bbrgba(255,255,255,0.72)\u00bb global_module=\u00bb604&#8243; saved_tabs=\u00bball\u00bb locked=\u00bboff\u00bb global_colors_info=\u00bb{}\u00bb sticky_enabled=\u00bb0&#8243;][et_pb_social_media_follow_network social_network=\u00bblinkedin\u00bb url=\u00bbhttps:\/\/www.linkedin.com\/company\/lh-construcciones\/\u00bb _builder_version=\u00bb4.27.3&#8243; _module_preset=\u00bbdefault\u00bb background_enable_color=\u00bboff\u00bb custom_padding=\u00bb4px|4px|4px|4px|true|true\u00bb hover_enabled=\u00bb0&#8243; global_colors_info=\u00bb{}\u00bb follow_button=\u00bboff\u00bb url_new_window=\u00bbon\u00bb sticky_enabled=\u00bb0&#8243;]linkedin[\/et_pb_social_media_follow_network][et_pb_social_media_follow_network social_network=\u00bbinstagram\u00bb url=\u00bbhttps:\/\/www.instagram.com\/lhconstruccionesindustrial?igsh=MWd1cXp0ZnhhNDk3Ng==\u00bb _builder_version=\u00bb4.27.3&#8243; _module_preset=\u00bbdefault\u00bb custom_padding=\u00bb4px|4px|4px|4px|true|true\u00bb global_colors_info=\u00bb{}\u00bb follow_button=\u00bboff\u00bb url_new_window=\u00bbon\u00bb]instagram[\/et_pb_social_media_follow_network][et_pb_social_media_follow_network social_network=\u00bbfacebook\u00bb background_color=\u00bbRGBA(255,255,255,0)\u00bb _builder_version=\u00bb4.27.3&#8243; _module_preset=\u00bbdefault\u00bb follow_button=\u00bboff\u00bb url_new_window=\u00bbon\u00bb url=\u00bbhttps:\/\/www.facebook.com\/laherreriaconstrucciones?mibextid=ZbWKwL\u00bb background_enable_color=\u00bbon\u00bb custom_padding=\u00bb4px|4px|4px|4px|true|true\u00bb hover_enabled=\u00bb0&#8243; sticky_enabled=\u00bb0&#8243;]facebook[\/et_pb_social_media_follow_network][\/et_pb_social_media_follow][\/et_pb_column][\/et_pb_row][\/et_pb_section][et_pb_section fb_built=\u00bb1&#8243; admin_label=\u00bbMap &#038; Contact Info\u00bb _builder_version=\u00bb4.27.3&#8243; _module_preset=\u00bbdefault\u00bb background_color=\u00bb#cccccc\u00bb collapsed=\u00bbon\u00bb global_colors_info=\u00bb{}\u00bb][et_pb_row column_structure=\u00bb3_5,2_5&#8243; use_custom_gutter=\u00bbon\u00bb gutter_width=\u00bb1&#8243; make_equal=\u00bbon\u00bb _builder_version=\u00bb4.27.3&#8243; _module_preset=\u00bbdefault\u00bb background_color=\u00bb#1f2538&#8243; background_enable_pattern_style=\u00bbon\u00bb background_pattern_style=\u00bbogees\u00bb background_pattern_color=\u00bb#141414&#8243; custom_padding=\u00bb0px||0px||true|false\u00bb global_colors_info=\u00bb{}\u00bb][et_pb_column type=\u00bb3_5&#8243; _builder_version=\u00bb4.20.2&#8243; _module_preset=\u00bbdefault\u00bb custom_css_main_element=\u00bb.columna {||  height: 100%;||}||\u00bb global_colors_info=\u00bb{}\u00bb][et_pb_code _builder_version=\u00bb4.20.2&#8243; _module_preset=\u00bbdefault\u00bb text_orientation=\u00bbleft\u00bb global_colors_info=\u00bb{}\u00bb]<\/p>\n<div class=\"columna\"><!-- [et_pb_line_break_holder] -->  <\/p>\n<div class=\"map-responsive\"><!-- [et_pb_line_break_holder] -->    <iframe src=\"https:\/\/www.google.com\/maps\/embed?pb=!1m14!1m8!1m3!1d13395.007070716933!2d-68.8617662!3d-32.9311561!3m2!1i1024!2i768!4f13.1!3m3!1m2!1s0x967e09e9deffef7f%3A0xcaa1b75a67706338!2sLa%20Herrer%C3%ADa%20Construcciones%20SAS!5e0!3m2!1ses-419!2sar!4v1684514088916!5m2!1ses-419!2sar\" width=\"600\" height=\"450\" style=\"border:0;\" allowfullscreen=\"\" loading=\"lazy\" referrerpolicy=\"no-referrer-when-downgrade\"><\/iframe><!-- [et_pb_line_break_holder] -->  <\/div>\n<p><!-- [et_pb_line_break_holder] --><\/div>\n<p><!-- [et_pb_line_break_holder] -->[\/et_pb_code][\/et_pb_column][et_pb_column type=\u00bb2_5&#8243; _builder_version=\u00bb4.19.1&#8243; _module_preset=\u00bbdefault\u00bb global_colors_info=\u00bb{}\u00bb][et_pb_blurb title=\u00bbLLAMANOS\u00bb url_new_window=\u00bbon\u00bb use_icon=\u00bbon\u00bb font_icon=\u00bb&#xf086;||fa||400&#8243; icon_color=\u00bb#1f2538&#8243; image_icon_background_color=\u00bbRGBA(255,255,255,0)\u00bb image_icon_width=\u00bb67px\u00bb icon_alignment=\u00bbleft\u00bb content_max_width=\u00bb100%\u00bb _builder_version=\u00bb4.27.3&#8243; _module_preset=\u00bbdefault\u00bb header_level=\u00bbh3&#8243; header_font=\u00bbMontserrat|700|||||||\u00bb header_text_color=\u00bb#1f2538&#8243; header_font_size=\u00bb26px\u00bb header_line_height=\u00bb1.4em\u00bb body_font=\u00bbMontserrat|700|||||||\u00bb body_text_color=\u00bb#1f2538&#8243; body_font_size=\u00bb34px\u00bb body_line_height=\u00bb1.2em\u00bb background_color=\u00bb#f7fc01&#8243; min_height=\u00bb228.4px\u00bb custom_margin=\u00bb||0px||false|false\u00bb custom_padding=\u00bb45px|30px|45px|30px|true|true\u00bb custom_padding_tablet=\u00bb30px||30px||true|true\u00bb custom_padding_phone=\u00bb20px|20px|20px|20px|true|true\u00bb custom_padding_last_edited=\u00bbon|phone\u00bb animation=\u00bboff\u00bb header_font_size_tablet=\u00bb15px\u00bb header_font_size_phone=\u00bb14px\u00bb header_font_size_last_edited=\u00bbon|phone\u00bb body_font_size_tablet=\u00bb15px\u00bb body_font_size_phone=\u00bb14px\u00bb body_font_size_last_edited=\u00bbon|desktop\u00bb global_colors_info=\u00bb{}\u00bb]<\/p>\n<p>+54 9\u00a0 261 5-716450<\/p>\n<p>[\/et_pb_blurb][et_pb_blurb title=\u00bbESCRIBINOS\u00bb content_max_width=\u00bb100%\u00bb _builder_version=\u00bb4.27.3&#8243; _module_preset=\u00bbdefault\u00bb header_font=\u00bbMontserrat||||||||\u00bb header_text_color=\u00bb#FFFFFF\u00bb header_font_size=\u00bb24px\u00bb header_line_height=\u00bb1.4em\u00bb body_font=\u00bbMontserrat||||||||\u00bb body_text_color=\u00bb#FFFFFF\u00bb body_font_size=\u00bb18px\u00bb body_line_height=\u00bb1.2em\u00bb body_link_text_color=\u00bb#FFFFFF\u00bb background_color=\u00bb#1f2538&#8243; custom_margin=\u00bb||0px||false|false\u00bb custom_padding=\u00bb45px|30px|45px|30px|true|true\u00bb custom_padding_tablet=\u00bb30px||30px||true|true\u00bb custom_padding_phone=\u00bb20px|20px|20px|20px|true|true\u00bb custom_padding_last_edited=\u00bbon|phone\u00bb animation=\u00bboff\u00bb link_option_url=\u00bbINFO@LAHERRERIACONSTRUCCIONES.COM.AR\u00bb header_font_size_tablet=\u00bb15px\u00bb header_font_size_phone=\u00bb14px\u00bb header_font_size_last_edited=\u00bbon|phone\u00bb global_colors_info=\u00bb{}\u00bb]<\/p>\n<p>laherreriaconstrucciones@gmail.com<\/p>\n<p>[\/et_pb_blurb][\/et_pb_column][\/et_pb_row][\/et_pb_section][et_pb_section fb_built=\u00bb1&#8243; admin_label=\u00bbFAQ\u00bb _builder_version=\u00bb4.27.3&#8243; _module_preset=\u00bbdefault\u00bb background_color=\u00bb#1f2538&#8243; background_enable_pattern_style=\u00bbon\u00bb background_pattern_style=\u00bbogees\u00bb saved_tabs=\u00bball\u00bb collapsed=\u00bbon\u00bb global_colors_info=\u00bb{}\u00bb][et_pb_row _builder_version=\u00bb4.19.0&#8243; _module_preset=\u00bbdefault\u00bb global_colors_info=\u00bb{}\u00bb][et_pb_column type=\u00bb4_4&#8243; _builder_version=\u00bb4.19.0&#8243; _module_preset=\u00bbdefault\u00bb global_colors_info=\u00bb{}\u00bb][et_pb_text _builder_version=\u00bb4.21.0&#8243; _module_preset=\u00bbd9edaa2d-0c82-486b-8a6a-5f8601f4eee1&#8243; header_2_text_color=\u00bb#EDF000&#8243; header_2_font_size=\u00bb33px\u00bb header_2_font_size_tablet=\u00bb33px\u00bb header_2_font_size_phone=\u00bb28px\u00bb header_2_font_size_last_edited=\u00bbon|phone\u00bb global_colors_info=\u00bb{}\u00bb]<\/p>\n<h2>PREGUNTAS FRECUENTES<\/h2>\n<p>[\/et_pb_text][\/et_pb_column][\/et_pb_row][et_pb_row column_structure=\u00bb1_2,1_2&#8243; _builder_version=\u00bb4.21.0&#8243; _module_preset=\u00bbdefault\u00bb background_color=\u00bbRGBA(255,255,255,0)\u00bb transform_scale_tablet=\u00bb\u00bb transform_scale_phone=\u00bb\u00bb transform_scale_last_edited=\u00bbon|phone\u00bb transform_translate_tablet=\u00bb\u00bb transform_translate_phone=\u00bb\u00bb transform_translate_last_edited=\u00bbon|phone\u00bb transform_rotate_tablet=\u00bb\u00bb transform_rotate_phone=\u00bb\u00bb transform_rotate_last_edited=\u00bbon|phone\u00bb transform_skew_tablet=\u00bb\u00bb transform_skew_phone=\u00bb\u00bb transform_skew_last_edited=\u00bbon|phone\u00bb transform_origin_tablet=\u00bb\u00bb transform_origin_phone=\u00bb\u00bb transform_origin_last_edited=\u00bbon|phone\u00bb transform_styles_last_edited=\u00bbon|phone\u00bb transform_styles_tablet=\u00bb\u00bb transform_styles_phone=\u00bb\u00bb global_colors_info=\u00bb{}\u00bb][et_pb_column type=\u00bb1_2&#8243; _builder_version=\u00bb4.21.0&#8243; _module_preset=\u00bbdefault\u00bb background_color=\u00bbRGBA(255,255,255,0)\u00bb global_colors_info=\u00bb{}\u00bb][et_pb_accordion toggle_icon=\u00bb&#x4c;||divi||400&#8243; _builder_version=\u00bb4.21.0&#8243; _module_preset=\u00bb8d1ef58f-9ca7-4a23-8e4f-db9963f5b130&#8243; background_color=\u00bbRGBA(255,255,255,0)\u00bb border_width_all=\u00bb0px\u00bb locked=\u00bboff\u00bb global_colors_info=\u00bb{%22gcid-9d8d6552-a4b0-4171-847a-f5c0d7177503%22:%91%22body_text_color%22,%22body_text_color%22,%22body_text_color%22%93,%22gcid-233cd77b-4711-403e-b130-11d9e5b5d115%22:%91%22icon_color%22,%22icon_color%22%93}\u00bb][et_pb_accordion_item title=\u00bbDe d\u00f3nde es la empresa?\u00bb open=\u00bbon\u00bb open_toggle_text_color=\u00bb#edf000&#8243; closed_toggle_text_color=\u00bb#EDF000&#8243; _builder_version=\u00bb4.21.0&#8243; _module_preset=\u00bbdefault\u00bb body_text_color=\u00bb#FFFFFF\u00bb background_color=\u00bbRGBA(255,255,255,0)\u00bb background_enable_color=\u00bbon\u00bb custom_padding=\u00bb|0px||0px|false|true\u00bb global_colors_info=\u00bb{}\u00bb toggle_text_color=\u00bb#EDF000&#8243; toggle_font_size_tablet=\u00bb\u00bb toggle_font_size_phone=\u00bb20px\u00bb toggle_font_size_last_edited=\u00bbon|phone\u00bb]<\/p>\n<p>Somos originarios de Mendoza, en el oeste de la Rep\u00fablica Argentina. A pocos kil\u00f3metros del Centro de la ciudad.<\/p>\n<p>[\/et_pb_accordion_item][et_pb_accordion_item title=\u00bbOfrecen financiaci\u00f3n?\u00bb open_toggle_text_color=\u00bb#FFFFFF\u00bb closed_toggle_text_color=\u00bb#EDF000&#8243; _builder_version=\u00bb4.21.0&#8243; _module_preset=\u00bbdefault\u00bb body_text_color=\u00bb#FFFFFF\u00bb background_color=\u00bbRGBA(255,255,255,0)\u00bb background_enable_color=\u00bbon\u00bb custom_padding=\u00bb|0px||0px|false|true\u00bb global_colors_info=\u00bb{}\u00bb toggle_text_color=\u00bb#EDF000&#8243; toggle_font_size_tablet=\u00bb\u00bb toggle_font_size_phone=\u00bb20px\u00bb toggle_font_size_last_edited=\u00bbon|phone\u00bb open=\u00bboff\u00bb]<\/p>\n<p>Recibimos tarjetas de cr\u00e9dito, d\u00e9bito y transferencias bancarias. Los planes en cuotas mensuales tienen el recargo por financiamiento bancario correspondiente.<\/p>\n<p>[\/et_pb_accordion_item][et_pb_accordion_item title=\u00bbHacen construcciones civiles?\u00bb open_toggle_text_color=\u00bb#FFFFFF\u00bb closed_toggle_text_color=\u00bb#EDF000&#8243; _builder_version=\u00bb4.21.0&#8243; _module_preset=\u00bbdefault\u00bb body_text_color=\u00bb#FFFFFF\u00bb background_color=\u00bbRGBA(255,255,255,0)\u00bb background_enable_color=\u00bbon\u00bb custom_padding=\u00bb|0px||0px|false|true\u00bb global_colors_info=\u00bb{}\u00bb toggle_text_color=\u00bb#EDF000&#8243; toggle_font_size_tablet=\u00bb\u00bb toggle_font_size_phone=\u00bb20px\u00bb toggle_font_size_last_edited=\u00bbon|phone\u00bb open=\u00bboff\u00bb]<\/p>\n<p>Si, tanto para hogares como para empresas, realizamos y ejecutamos cualquier proyecto metal\u00fargico.<\/p>\n<p>[\/et_pb_accordion_item][\/et_pb_accordion][\/et_pb_column][et_pb_column type=\u00bb1_2&#8243; _builder_version=\u00bb4.19.0&#8243; _module_preset=\u00bbdefault\u00bb global_colors_info=\u00bb{}\u00bb][et_pb_accordion toggle_icon=\u00bb&#x4c;||divi||400&#8243; _builder_version=\u00bb4.21.0&#8243; _module_preset=\u00bb8d1ef58f-9ca7-4a23-8e4f-db9963f5b130&#8243; locked=\u00bboff\u00bb global_colors_info=\u00bb{%22gcid-9d8d6552-a4b0-4171-847a-f5c0d7177503%22:%91%22body_text_color%22%93}\u00bb][et_pb_accordion_item title=\u00bbVan a domicilio a cotizar?\u00bb open=\u00bbon\u00bb open_toggle_text_color=\u00bb#EDF000&#8243; open_toggle_background_color=\u00bbRGBA(255,255,255,0)\u00bb _builder_version=\u00bb4.21.0&#8243; _module_preset=\u00bbdefault\u00bb body_text_color=\u00bb#FFFFFF\u00bb background_color=\u00bbRGBA(255,255,255,0)\u00bb background_enable_color=\u00bbon\u00bb custom_padding=\u00bb|0px||0px|false|true\u00bb border_width_all=\u00bb0px\u00bb global_colors_info=\u00bb{}\u00bb toggle_text_color=\u00bb#FFFFFF\u00bb toggle_font_size_tablet=\u00bb\u00bb toggle_font_size_phone=\u00bb20px\u00bb toggle_font_size_last_edited=\u00bbon|phone\u00bb]<\/p>\n<p>Para realizar cotizaciones, debemos verificar las dimensiones y caracter\u00edsticas de la obra, y acorde a eso se eval\u00faan los materiales, plan de ejecuci\u00f3n, dise\u00f1o y estilo del trabajo requerido.<\/p>\n<p>[\/et_pb_accordion_item][et_pb_accordion_item title=\u00bbTrabajan fuera de la provincia?\u00bb open_toggle_text_color=\u00bb#FFFFFF\u00bb _builder_version=\u00bb4.21.0&#8243; _module_preset=\u00bbdefault\u00bb body_text_color=\u00bb#FFFFFF\u00bb background_color=\u00bbRGBA(255,255,255,0)\u00bb background_enable_color=\u00bbon\u00bb custom_padding=\u00bb|0px||0px|false|true\u00bb border_width_all=\u00bb0px\u00bb global_colors_info=\u00bb{}\u00bb toggle_text_color=\u00bb#EDF000&#8243; toggle_font_size_tablet=\u00bb\u00bb toggle_font_size_phone=\u00bb20px\u00bb toggle_font_size_last_edited=\u00bbon|phone\u00bb open=\u00bboff\u00bb]<\/p>\n<p>Expandimos nuestra \u00e1rea de trabajo a todo Argentina.<\/p>\n<p>[\/et_pb_accordion_item][et_pb_accordion_item title=\u00bbHacen automatizaci\u00f3n?\u00bb open_toggle_text_color=\u00bb#FFFFFF\u00bb _builder_version=\u00bb4.21.0&#8243; _module_preset=\u00bbdefault\u00bb body_text_color=\u00bb#FFFFFF\u00bb background_color=\u00bbRGBA(255,255,255,0)\u00bb background_enable_color=\u00bbon\u00bb custom_padding=\u00bb|0px||0px|false|true\u00bb border_width_all=\u00bb0px\u00bb global_colors_info=\u00bb{}\u00bb toggle_text_color=\u00bb#EDF000&#8243; toggle_font_size_tablet=\u00bb\u00bb toggle_font_size_phone=\u00bb20px\u00bb toggle_font_size_last_edited=\u00bbon|phone\u00bb open=\u00bboff\u00bb]<\/p>\n<p>Si. Tanto puertas, portones o rejas pueden incluir sistema de automatizaci\u00f3n de apertura y cierre a distancia.<\/p>\n<p>[\/et_pb_accordion_item][\/et_pb_accordion][\/et_pb_column][\/et_pb_row][\/et_pb_section]<\/p>\n","protected":false},"excerpt":{"rendered":"<p>Cont\u00e1ctenosUbicaci\u00f3nSoler 574 &#8211; Godoy Cruz- Mendoza &#8211; ArgentinaEmaillaherreriaconstrucciones@gmail.comTel\u00e9fono+54 9 2615716450Seguinos+54 9\u00a0 261 5-716450laherreriaconstrucciones@gmail.comPREGUNTAS FRECUENTESSomos originarios de Mendoza, en el oeste de la Rep\u00fablica Argentina. A pocos kil\u00f3metros del Centro de la ciudad.Recibimos tarjetas de cr\u00e9dito, d\u00e9bito y transferencias bancarias. Los planes en cuotas mensuales tienen el recargo por financiamiento bancario correspondiente.Si, tanto para hogares como [&hellip;]<\/p>\n","protected":false},"author":13,"featured_media":0,"parent":0,"menu_order":0,"comment_status":"closed","ping_status":"closed","template":"","meta":{"_et_pb_use_builder":"on","_et_pb_old_content":"","_et_gb_content_width":"","om_disable_all_campaigns":false,"_monsterinsights_skip_tracking":false,"_monsterinsights_sitenote_active":false,"_monsterinsights_sitenote_note":"","_monsterinsights_sitenote_category":0,"footnotes":""},"class_list":["post-110","page","type-page","status-publish","hentry"],"aioseo_notices":[],"_links":{"self":[{"href":"https:\/\/laherreriaconstrucciones.com.ar\/en\/wp-json\/wp\/v2\/pages\/110","targetHints":{"allow":["GET"]}}],"collection":[{"href":"https:\/\/laherreriaconstrucciones.com.ar\/en\/wp-json\/wp\/v2\/pages"}],"about":[{"href":"https:\/\/laherreriaconstrucciones.com.ar\/en\/wp-json\/wp\/v2\/types\/page"}],"author":[{"embeddable":true,"href":"https:\/\/laherreriaconstrucciones.com.ar\/en\/wp-json\/wp\/v2\/users\/13"}],"replies":[{"embeddable":true,"href":"https:\/\/laherreriaconstrucciones.com.ar\/en\/wp-json\/wp\/v2\/comments?post=110"}],"version-history":[{"count":30,"href":"https:\/\/laherreriaconstrucciones.com.ar\/en\/wp-json\/wp\/v2\/pages\/110\/revisions"}],"predecessor-version":[{"id":683,"href":"https:\/\/laherreriaconstrucciones.com.ar\/en\/wp-json\/wp\/v2\/pages\/110\/revisions\/683"}],"wp:attachment":[{"href":"https:\/\/laherreriaconstrucciones.com.ar\/en\/wp-json\/wp\/v2\/media?parent=110"}],"curies":[{"name":"wp","href":"https:\/\/api.w.org\/{rel}","templated":true}]}}