{"id":113,"date":"2023-04-14T12:42:07","date_gmt":"2023-04-14T15:42:07","guid":{"rendered":"https:\/\/laherreriaconstrucciones.com.ar\/?page_id=113"},"modified":"2024-11-11T10:31:24","modified_gmt":"2024-11-11T13:31:24","slug":"servicios","status":"publish","type":"page","link":"https:\/\/laherreriaconstrucciones.com.ar\/en\/servicios\/","title":{"rendered":"Services"},"content":{"rendered":"<p>[et_pb_section fb_built=\u00bb1&#8243; admin_label=\u00bbHeader\u00bb _builder_version=\u00bb4.27.3&#8243; _module_preset=\u00bbdefault\u00bb use_background_color_gradient=\u00bbon\u00bb background_color_gradient_stops=\u00bbrgba(0,0,0,0.9) 0%|rgba(0,0,0,0.4) 100%\u00bb background_color_gradient_overlays_image=\u00bbon\u00bb background_image=\u00bbhttps:\/\/laherreriaconstrucciones.com.ar\/wp-content\/uploads\/2024\/11\/WhatsApp-Image-2024-10-14-at-19.09.08.jpeg\u00bb custom_padding=\u00bb0px||0px||true|false\u00bb hover_enabled=\u00bb0&#8243; collapsed=\u00bbon\u00bb global_colors_info=\u00bb{}\u00bb title_text=\u00bbWhatsApp Image 2024-10-14 at 19.09.08&#8243; sticky_enabled=\u00bb0&#8243;][et_pb_row column_structure=\u00bb1_2,1_2&#8243; use_custom_gutter=\u00bbon\u00bb make_equal=\u00bbon\u00bb _builder_version=\u00bb4.21.0&#8243; _module_preset=\u00bbdefault\u00bb width=\u00bb100%\u00bb custom_margin=\u00bb|auto|-3px|auto||\u00bb custom_padding=\u00bb0px|0px|0px||true|false\u00bb border_color_all=\u00bbRGBA(255,255,255,0)\u00bb border_style_all=\u00bbdouble\u00bb box_shadow_horizontal_tablet=\u00bb0vw\u00bb box_shadow_horizontal_phone=\u00bb0vw\u00bb box_shadow_horizontal_last_edited=\u00bbon|tablet\u00bb global_colors_info=\u00bb{%22gcid-233cd77b-4711-403e-b130-11d9e5b5d115%22:%91%22box_shadow_color%22%93}\u00bb][et_pb_column type=\u00bb1_2&#8243; _builder_version=\u00bb4.19.0&#8243; _module_preset=\u00bbdefault\u00bb custom_padding=\u00bb8%||8%||true|false\u00bb custom_padding_tablet=\u00bb||0%||false|false\u00bb custom_padding_phone=\u00bb||0%||false|false\u00bb custom_padding_last_edited=\u00bbon|desktop\u00bb global_colors_info=\u00bb{}\u00bb][et_pb_text _builder_version=\u00bb4.21.0&#8243; _module_preset=\u00bb26e6c823-9779-4c83-b164-10c43a931ba3&#8243; header_font_size=\u00bb64px\u00bb header_font_size_tablet=\u00bb64px\u00bb header_font_size_phone=\u00bb42px\u00bb header_font_size_last_edited=\u00bbon|phone\u00bb global_colors_info=\u00bb{}\u00bb]<\/p>\n<h1>Nuestros Servicios<\/h1>\n<p>[\/et_pb_text][et_pb_text _builder_version=\u00bb4.20.2&#8243; _module_preset=\u00bb0617849d-9b75-4882-b860-3b49ed354eae\u00bb background_layout=\u00bbdark\u00bb global_colors_info=\u00bb{}\u00bb]<\/p>\n<p>Siempre garantizamos la m\u00e1xima calidad en nuestras obras, tanto en su construcci\u00f3n como en terminaciones, realizadas por un equipo de especialistas altamente calificados.\u00a0<\/p>\n<p>[\/et_pb_text][et_pb_button button_url=\u00bbhttps:\/\/wa.me\/542615716450&#8243; url_new_window=\u00bbon\u00bb button_text=\u00bbcontacto\u00bb button_alignment=\u00bbcenter\u00bb _builder_version=\u00bb4.23.1&#8243; _module_preset=\u00bbad59da61-078e-41d9-98e8-0985a1c149b0&#8243; locked=\u00bboff\u00bb global_colors_info=\u00bb{}\u00bb][\/et_pb_button][\/et_pb_column][et_pb_column type=\u00bb1_2&#8243; _builder_version=\u00bb4.21.0&#8243; _module_preset=\u00bbdefault\u00bb background_color=\u00bb#EDF000&#8243; custom_padding=\u00bb60px|60px|60px|60px|true|true\u00bb custom_padding_tablet=\u00bb30px|30px|30px|30px|true|true\u00bb custom_padding_phone=\u00bb20px|20px|20px|20px|true|true\u00bb custom_padding_last_edited=\u00bbon|tablet\u00bb global_colors_info=\u00bb{%22gcid-233cd77b-4711-403e-b130-11d9e5b5d115%22:%91%22background_color%22%93}\u00bb][et_pb_blurb title=\u00bbConstrucci\u00f3n, remodelaci\u00f3n o ampliaci\u00f3n de naves industriales y oficinas \u00abllave en mano\u00bb\u00bb image=\u00bbhttps:\/\/laherreriaconstrucciones.com.ar\/wp-content\/uploads\/2023\/04\/construction-company-icon-1-black.png\u00bb _builder_version=\u00bb4.21.0&#8243; _module_preset=\u00bbd2b9bfaf-116c-4bf8-8ef4-1593fb85d28c\u00bb header_text_color=\u00bb#000000&#8243; header_font_size=\u00bb23px\u00bb header_line_height=\u00bb1.1em\u00bb body_text_color=\u00bb#000000&#8243; custom_margin=\u00bb||50px||false|false\u00bb custom_margin_tablet=\u00bb||50px||false|false\u00bb custom_margin_phone=\u00bb||30px||false|false\u00bb custom_margin_last_edited=\u00bbon|phone\u00bb locked=\u00bboff\u00bb global_colors_info=\u00bb{}\u00bb]<\/p>\n<p>Desde 0 y hasta su finalizaci\u00f3n, nos encargamos de todos los detalles.<\/p>\n<p>[\/et_pb_blurb][et_pb_blurb title=\u00bbDesarrollo, planificaci\u00f3n y optimizaci\u00f3n del proyecto\u00bb image_icon_background_color=\u00bbRGBA(255,255,255,0)\u00bb image=\u00bbhttps:\/\/laherreriaconstrucciones.com.ar\/wp-content\/uploads\/2023\/04\/construction-company-icon-7-yellow.png\u00bb _builder_version=\u00bb4.21.0&#8243; _module_preset=\u00bbd2b9bfaf-116c-4bf8-8ef4-1593fb85d28c\u00bb header_text_color=\u00bb#000000&#8243; header_font_size=\u00bb23px\u00bb header_line_height=\u00bb1.1em\u00bb body_text_color=\u00bb#000000&#8243; custom_margin=\u00bb||50px||false|false\u00bb custom_margin_tablet=\u00bb||50px||false|false\u00bb custom_margin_phone=\u00bb||30px||false|false\u00bb custom_margin_last_edited=\u00bbon|phone\u00bb child_filter_brightness=\u00bb0%\u00bb border_color_all_image=\u00bb#000000&#8243; locked=\u00bboff\u00bb global_colors_info=\u00bb{}\u00bb]<\/p>\n<p>Su idea en buenas manos, y el aporte de especialistas experimentados.<\/p>\n<p>[\/et_pb_blurb][et_pb_blurb title=\u00bbLog\u00edstica general de obra y ejecuci\u00f3n\u00bb image_icon_background_color=\u00bbRGBA(255,255,255,0)\u00bb image=\u00bbhttps:\/\/laherreriaconstrucciones.com.ar\/wp-content\/uploads\/2023\/04\/construction-company-icon-6-black.png\u00bb _builder_version=\u00bb4.20.2&#8243; _module_preset=\u00bbd2b9bfaf-116c-4bf8-8ef4-1593fb85d28c\u00bb header_text_color=\u00bb#000000&#8243; header_font_size=\u00bb23px\u00bb header_line_height=\u00bb1.1em\u00bb body_text_color=\u00bb#000000&#8243; custom_margin=\u00bb||50px||false|false\u00bb custom_margin_tablet=\u00bb||50px||false|false\u00bb custom_margin_phone=\u00bb||30px||false|false\u00bb custom_margin_last_edited=\u00bbon|phone\u00bb child_filter_brightness=\u00bb0%\u00bb border_color_all_image=\u00bb#000000&#8243; locked=\u00bboff\u00bb global_colors_info=\u00bb{}\u00bb]<\/p>\n<p>Transportes de materiales, insumos y todo lo relacionado a concretar su obra.<\/p>\n<p>[\/et_pb_blurb][et_pb_blurb title=\u00bbAn\u00e1lisis de proyectos\u00bb image_icon_background_color=\u00bbRGBA(255,255,255,0)\u00bb image=\u00bbhttps:\/\/laherreriaconstrucciones.com.ar\/wp-content\/uploads\/2023\/04\/construction-company-icon-5-black.png\u00bb _builder_version=\u00bb4.20.2&#8243; _module_preset=\u00bbd2b9bfaf-116c-4bf8-8ef4-1593fb85d28c\u00bb header_text_color=\u00bb#000000&#8243; header_font_size=\u00bb23px\u00bb header_line_height=\u00bb1.1em\u00bb body_text_color=\u00bb#000000&#8243; custom_margin=\u00bb||50px||false|false\u00bb custom_margin_tablet=\u00bb||50px||false|false\u00bb custom_margin_phone=\u00bb||30px||false|false\u00bb custom_margin_last_edited=\u00bbon|phone\u00bb child_filter_brightness=\u00bb0%\u00bb border_color_all_image=\u00bb#000000&#8243; locked=\u00bboff\u00bb global_colors_info=\u00bb{}\u00bb]<\/p>\n<p>Realizamos un an\u00e1lisis exhaustivo y experto del proyecto nave industrial, con presupuestos que mejoran costos, tiempos de ejecuci\u00f3n y viabilidad.<\/p>\n<p>[\/et_pb_blurb][et_pb_blurb title=\u00bbEquipo de trabajo especializado\u00bb image_icon_background_color=\u00bbRGBA(255,255,255,0)\u00bb image=\u00bbhttps:\/\/laherreriaconstrucciones.com.ar\/wp-content\/uploads\/2023\/04\/construction-company-icon-2-black.png\u00bb _builder_version=\u00bb4.20.2&#8243; _module_preset=\u00bbd2b9bfaf-116c-4bf8-8ef4-1593fb85d28c\u00bb header_text_color=\u00bb#000000&#8243; header_font_size=\u00bb23px\u00bb header_line_height=\u00bb1.1em\u00bb body_text_color=\u00bb#000000&#8243; custom_margin=\u00bb||50px||false|false\u00bb custom_margin_tablet=\u00bb||50px||false|false\u00bb custom_margin_phone=\u00bb||30px||false|false\u00bb custom_margin_last_edited=\u00bbon|phone\u00bb child_filter_brightness=\u00bb0%\u00bb border_color_all_image=\u00bb#000000&#8243; locked=\u00bboff\u00bb global_colors_info=\u00bb{}\u00bb]<\/p>\n<p>Mano de obra experimentada y profesional, altamente calificada en el manejo de maquinaria de vanguardia y procedimientos con los m\u00e1s altos standard de calidad en construcciones.<\/p>\n<p>[\/et_pb_blurb][\/et_pb_column][\/et_pb_row][\/et_pb_section][et_pb_section fb_built=\u00bb1&#8243; admin_label=\u00bbProjects\u00bb _builder_version=\u00bb4.19.2&#8243; _module_preset=\u00bbdefault\u00bb background_color=\u00bb#171717&#8243; saved_tabs=\u00bball\u00bb collapsed=\u00bbon\u00bb global_colors_info=\u00bb{}\u00bb][et_pb_row _builder_version=\u00bb4.19.0&#8243; _module_preset=\u00bbdefault\u00bb global_colors_info=\u00bb{}\u00bb][et_pb_column type=\u00bb4_4&#8243; _builder_version=\u00bb4.19.0&#8243; _module_preset=\u00bbdefault\u00bb global_colors_info=\u00bb{}\u00bb][et_pb_text _builder_version=\u00bb4.21.0&#8243; _module_preset=\u00bbc88d16db-913f-4a3a-9392-05acf0b32d1a\u00bb text_orientation=\u00bbcenter\u00bb header_2_font_size_tablet=\u00bb\u00bb header_2_font_size_phone=\u00bb26px\u00bb header_2_font_size_last_edited=\u00bbon|phone\u00bb global_colors_info=\u00bb{}\u00bb]<\/p>\n<h2>ALGUNOS PROYECTOS<\/h2>\n<p>[\/et_pb_text][\/et_pb_column][\/et_pb_row][et_pb_row column_structure=\u00bb1_3,1_3,1_3&#8243; _builder_version=\u00bb4.19.0&#8243; _module_preset=\u00bbdefault\u00bb min_height=\u00bb278.8px\u00bb global_colors_info=\u00bb{}\u00bb][et_pb_column type=\u00bb1_3&#8243; _builder_version=\u00bb4.19.0&#8243; _module_preset=\u00bbdefault\u00bb custom_padding=\u00bb|30px|30px|30px|false|true\u00bb border_width_all=\u00bb1px\u00bb border_color_all=\u00bb#3E3E3E\u00bb global_colors_info=\u00bb{}\u00bb][et_pb_image src=\u00bbhttps:\/\/laherreriaconstrucciones.com.ar\/wp-content\/uploads\/2024\/11\/WhatsApp-Image-2024-10-14-at-19.02.28-1.jpeg\u00bb title_text=\u00bbWhatsApp Image 2024-10-14 at 19.02.28 (1)\u00bb _builder_version=\u00bb4.27.3&#8243; _module_preset=\u00bbdefault\u00bb transform_scale=\u00bb120%|120%\u00bb width=\u00bb100%\u00bb custom_margin=\u00bb|0px|||false|false\u00bb animation_style=\u00bbzoom\u00bb hover_enabled=\u00bb0&#8243; border_radii=\u00bbon|10px|10px|10px|10px\u00bb global_colors_info=\u00bb{}\u00bb sticky_enabled=\u00bb0&#8243;][\/et_pb_image][\/et_pb_column][et_pb_column type=\u00bb1_3&#8243; _builder_version=\u00bb4.19.0&#8243; _module_preset=\u00bbdefault\u00bb custom_padding=\u00bb|30px|30px|30px|false|true\u00bb border_width_all=\u00bb1px\u00bb border_color_all=\u00bb#3E3E3E\u00bb global_colors_info=\u00bb{}\u00bb][et_pb_image src=\u00bbhttps:\/\/laherreriaconstrucciones.com.ar\/wp-content\/uploads\/2024\/11\/WhatsApp-Image-2024-10-14-at-19.06.00.jpeg\u00bb title_text=\u00bbWhatsApp Image 2024-10-14 at 19.06.00&#8243; _builder_version=\u00bb4.27.2&#8243; _module_preset=\u00bbdefault\u00bb transform_scale=\u00bb120%|120%\u00bb width=\u00bb100%\u00bb custom_margin=\u00bb|0px|||false|false\u00bb animation_style=\u00bbzoom\u00bb border_radii=\u00bbon|10px|10px|10px|10px\u00bb global_colors_info=\u00bb{}\u00bb][\/et_pb_image][\/et_pb_column][et_pb_column type=\u00bb1_3&#8243; _builder_version=\u00bb4.19.0&#8243; _module_preset=\u00bbdefault\u00bb custom_padding=\u00bb|30px|30px|30px|false|true\u00bb border_width_all=\u00bb1px\u00bb border_color_all=\u00bb#3E3E3E\u00bb global_colors_info=\u00bb{}\u00bb][et_pb_image src=\u00bbhttps:\/\/laherreriaconstrucciones.com.ar\/wp-content\/uploads\/2024\/11\/WhatsApp-Image-2024-10-14-at-19.02.29-2.jpeg\u00bb title_text=\u00bbWhatsApp Image 2024-10-14 at 19.02.29 (2)\u00bb _builder_version=\u00bb4.27.2&#8243; _module_preset=\u00bbdefault\u00bb background_color=\u00bbRGBA(255,255,255,0)\u00bb transform_scale=\u00bb120%|120%\u00bb animation_style=\u00bbzoom\u00bb border_radii=\u00bbon|10px|10px|10px|10px\u00bb global_colors_info=\u00bb{}\u00bb][\/et_pb_image][\/et_pb_column][\/et_pb_row][\/et_pb_section][et_pb_section fb_built=\u00bb1&#8243; admin_label=\u00bbFooter\u00bb _builder_version=\u00bb4.21.0&#8243; _module_preset=\u00bbdefault\u00bb background_color=\u00bb#000000&#8243; saved_tabs=\u00bball\u00bb locked=\u00bboff\u00bb collapsed=\u00bbon\u00bb global_colors_info=\u00bb{}\u00bb][et_pb_row column_structure=\u00bb1_2,1_4,1_4&#8243; use_custom_gutter=\u00bbon\u00bb gutter_width=\u00bb1&#8243; make_equal=\u00bbon\u00bb _builder_version=\u00bb4.19.0&#8243; _module_preset=\u00bbdefault\u00bb custom_padding=\u00bb0px||0px||true|false\u00bb border_width_all=\u00bb1px\u00bb border_color_all=\u00bb#3E3E3E\u00bb global_colors_info=\u00bb{}\u00bb][et_pb_column type=\u00bb1_2&#8243; _builder_version=\u00bb4.19.0&#8243; _module_preset=\u00bbdefault\u00bb custom_padding=\u00bb40px|40px|40px|40px|true|true\u00bb custom_padding_tablet=\u00bb30px|30px|30px|30px|true|true\u00bb custom_padding_phone=\u00bb20px|20px|20px|20px|true|true\u00bb custom_padding_last_edited=\u00bbon|tablet\u00bb border_color_all=\u00bb#3E3E3E\u00bb border_width_right=\u00bb1px\u00bb border_width_right_tablet=\u00bb0px\u00bb border_width_right_phone=\u00bb\u00bb border_width_right_last_edited=\u00bbon|tablet\u00bb global_colors_info=\u00bb{}\u00bb][et_pb_text _builder_version=\u00bb4.21.0&#8243; _module_preset=\u00bb5830586e-a6fe-4895-854d-17d92483bbbb\u00bb custom_margin=\u00bb||30px||false|false\u00bb header_2_font_size_tablet=\u00bb\u00bb header_2_font_size_phone=\u00bb26px\u00bb header_2_font_size_last_edited=\u00bbon|phone\u00bb global_colors_info=\u00bb{}\u00bb]<\/p>\n<h2>Cont\u00e1ctenos<\/h2>\n<p>[\/et_pb_text][et_pb_contact_form captcha=\u00bboff\u00bb email=\u00bblaherreriaconstrucciones@gmail.com\u00bb _builder_version=\u00bb4.23.1&#8243; _module_preset=\u00bb7eebf2e3-a845-4201-8787-983ba5c22799&#8243; custom_button=\u00bbon\u00bb button_text_color=\u00bb#EDF000&#8243; button_text_size_tablet=\u00bb\u00bb button_text_size_phone=\u00bb16px\u00bb button_text_size_last_edited=\u00bbon|phone\u00bb locked=\u00bboff\u00bb global_colors_info=\u00bb{%22gcid-233cd77b-4711-403e-b130-11d9e5b5d115%22:%91%22button_bg_color%22%93,%22gcid-9d8d6552-a4b0-4171-847a-f5c0d7177503%22:%91%22form_field_text_color%22%93}\u00bb][et_pb_contact_field field_id=\u00bbNombre\u00bb field_title=\u00bbNombre\u00bb _builder_version=\u00bb4.20.2&#8243; _module_preset=\u00bbdefault\u00bb global_colors_info=\u00bb{}\u00bb button_text_size__hover_enabled=\u00bboff\u00bb button_one_text_size__hover_enabled=\u00bboff\u00bb button_two_text_size__hover_enabled=\u00bboff\u00bb button_text_color__hover_enabled=\u00bboff\u00bb button_one_text_color__hover_enabled=\u00bboff\u00bb button_two_text_color__hover_enabled=\u00bboff\u00bb button_border_width__hover_enabled=\u00bboff\u00bb button_one_border_width__hover_enabled=\u00bboff\u00bb button_two_border_width__hover_enabled=\u00bboff\u00bb button_border_color__hover_enabled=\u00bboff\u00bb button_one_border_color__hover_enabled=\u00bboff\u00bb button_two_border_color__hover_enabled=\u00bboff\u00bb button_border_radius__hover_enabled=\u00bboff\u00bb button_one_border_radius__hover_enabled=\u00bboff\u00bb button_two_border_radius__hover_enabled=\u00bboff\u00bb button_letter_spacing__hover_enabled=\u00bboff\u00bb button_one_letter_spacing__hover_enabled=\u00bboff\u00bb button_two_letter_spacing__hover_enabled=\u00bboff\u00bb button_bg_color__hover_enabled=\u00bboff\u00bb button_one_bg_color__hover_enabled=\u00bboff\u00bb button_two_bg_color__hover_enabled=\u00bboff\u00bb][\/et_pb_contact_field][et_pb_contact_field field_id=\u00bbEmail\u00bb field_title=\u00bbDirecci\u00f3n de mail\u00bb field_type=\u00bbemail\u00bb _builder_version=\u00bb4.20.2&#8243; _module_preset=\u00bbdefault\u00bb global_colors_info=\u00bb{}\u00bb button_text_size__hover_enabled=\u00bboff\u00bb button_one_text_size__hover_enabled=\u00bboff\u00bb button_two_text_size__hover_enabled=\u00bboff\u00bb button_text_color__hover_enabled=\u00bboff\u00bb button_one_text_color__hover_enabled=\u00bboff\u00bb button_two_text_color__hover_enabled=\u00bboff\u00bb button_border_width__hover_enabled=\u00bboff\u00bb button_one_border_width__hover_enabled=\u00bboff\u00bb button_two_border_width__hover_enabled=\u00bboff\u00bb button_border_color__hover_enabled=\u00bboff\u00bb button_one_border_color__hover_enabled=\u00bboff\u00bb button_two_border_color__hover_enabled=\u00bboff\u00bb button_border_radius__hover_enabled=\u00bboff\u00bb button_one_border_radius__hover_enabled=\u00bboff\u00bb button_two_border_radius__hover_enabled=\u00bboff\u00bb button_letter_spacing__hover_enabled=\u00bboff\u00bb button_one_letter_spacing__hover_enabled=\u00bboff\u00bb button_two_letter_spacing__hover_enabled=\u00bboff\u00bb button_bg_color__hover_enabled=\u00bboff\u00bb button_one_bg_color__hover_enabled=\u00bboff\u00bb button_two_bg_color__hover_enabled=\u00bboff\u00bb][\/et_pb_contact_field][et_pb_contact_field field_id=\u00bbMessage\u00bb field_title=\u00bbMensaje\u00bb field_type=\u00bbtext\u00bb fullwidth_field=\u00bbon\u00bb _builder_version=\u00bb4.20.2&#8243; _module_preset=\u00bbdefault\u00bb global_colors_info=\u00bb{}\u00bb button_text_size__hover_enabled=\u00bboff\u00bb button_one_text_size__hover_enabled=\u00bboff\u00bb button_two_text_size__hover_enabled=\u00bboff\u00bb button_text_color__hover_enabled=\u00bboff\u00bb button_one_text_color__hover_enabled=\u00bboff\u00bb button_two_text_color__hover_enabled=\u00bboff\u00bb button_border_width__hover_enabled=\u00bboff\u00bb button_one_border_width__hover_enabled=\u00bboff\u00bb button_two_border_width__hover_enabled=\u00bboff\u00bb button_border_color__hover_enabled=\u00bboff\u00bb button_one_border_color__hover_enabled=\u00bboff\u00bb button_two_border_color__hover_enabled=\u00bboff\u00bb button_border_radius__hover_enabled=\u00bboff\u00bb button_one_border_radius__hover_enabled=\u00bboff\u00bb button_two_border_radius__hover_enabled=\u00bboff\u00bb button_letter_spacing__hover_enabled=\u00bboff\u00bb button_one_letter_spacing__hover_enabled=\u00bboff\u00bb button_two_letter_spacing__hover_enabled=\u00bboff\u00bb button_bg_color__hover_enabled=\u00bboff\u00bb button_one_bg_color__hover_enabled=\u00bboff\u00bb button_two_bg_color__hover_enabled=\u00bboff\u00bb][\/et_pb_contact_field][\/et_pb_contact_form][\/et_pb_column][et_pb_column type=\u00bb1_4&#8243; _builder_version=\u00bb4.19.0&#8243; _module_preset=\u00bbdefault\u00bb custom_padding=\u00bb40px|20px|40px|20px|true|true\u00bb custom_padding_tablet=\u00bb30px|30px|30px|30px|true|true\u00bb custom_padding_phone=\u00bb20px|20px|20px|20px|true|true\u00bb custom_padding_last_edited=\u00bbon|tablet\u00bb border_color_all=\u00bb#3E3E3E\u00bb border_width_right=\u00bb1px\u00bb border_width_right_tablet=\u00bb0px\u00bb border_width_right_phone=\u00bb\u00bb border_width_right_last_edited=\u00bbon|tablet\u00bb global_colors_info=\u00bb{}\u00bb][et_pb_text _builder_version=\u00bb4.20.2&#8243; _module_preset=\u00bbc299f4f5-8794-45a0-a01f-ad46a54d7e02&#8243; global_colors_info=\u00bb{}\u00bb]<\/p>\n<h6>Ubicaci\u00f3n<\/h6>\n<p>[\/et_pb_text][et_pb_text _builder_version=\u00bb4.20.2&#8243; _module_preset=\u00bb0986be83-5ac7-4f87-86ef-d4e9d6d4d35c\u00bb text_text_color=\u00bbRGBA(255,255,255,0.72)\u00bb custom_margin=\u00bb||60px||false|false\u00bb custom_margin_tablet=\u00bb||30px||false|false\u00bb custom_margin_phone=\u00bb\u00bb custom_margin_last_edited=\u00bbon|tablet\u00bb global_colors_info=\u00bb{}\u00bb]<\/p>\n<p>Soler 574 &#8211; Godoy Cruz- Mendoza &#8211; Argentina<\/p>\n<p>[\/et_pb_text][et_pb_text _builder_version=\u00bb4.20.2&#8243; _module_preset=\u00bbc299f4f5-8794-45a0-a01f-ad46a54d7e02&#8243; transform_translate=\u00bb0px|-18px\u00bb transform_translate_linked=\u00bboff\u00bb global_colors_info=\u00bb{}\u00bb]<\/p>\n<h6>Email<\/h6>\n<p>[\/et_pb_text][et_pb_text _builder_version=\u00bb4.23.1&#8243; _module_preset=\u00bb0986be83-5ac7-4f87-86ef-d4e9d6d4d35c\u00bb text_text_color=\u00bbRGBA(255,255,255,0.72)\u00bb text_font_size=\u00bb11px\u00bb link_text_color=\u00bb#F7FC01&#8243; transform_scale=\u00bb112%|112%\u00bb transform_translate=\u00bb8px|-8px\u00bb custom_margin=\u00bb||60px||false|false\u00bb custom_margin_tablet=\u00bb||30px||false|false\u00bb custom_margin_phone=\u00bb||30px||false|false\u00bb custom_margin_last_edited=\u00bbon|tablet\u00bb locked=\u00bboff\u00bb global_colors_info=\u00bb{}\u00bb]<\/p>\n<p>laherreriaconstrucciones@gmail.com<\/p>\n<p>[\/et_pb_text][\/et_pb_column][et_pb_column type=\u00bb1_4&#8243; _builder_version=\u00bb4.19.0&#8243; _module_preset=\u00bbdefault\u00bb custom_padding=\u00bb40px|20px|40px|20px|true|true\u00bb custom_padding_tablet=\u00bb30px|30px|30px|30px|true|true\u00bb custom_padding_phone=\u00bb20px|20px|20px|20px|true|true\u00bb custom_padding_last_edited=\u00bbon|tablet\u00bb global_colors_info=\u00bb{}\u00bb][et_pb_text _builder_version=\u00bb4.20.2&#8243; _module_preset=\u00bbc299f4f5-8794-45a0-a01f-ad46a54d7e02&#8243; locked=\u00bboff\u00bb global_colors_info=\u00bb{}\u00bb]<\/p>\n<h6>Tel\u00e9fono<\/h6>\n<p>[\/et_pb_text][et_pb_text _builder_version=\u00bb4.20.2&#8243; _module_preset=\u00bb0986be83-5ac7-4f87-86ef-d4e9d6d4d35c\u00bb text_text_color=\u00bbRGBA(255,255,255,0.72)\u00bb text_font_size=\u00bb21px\u00bb custom_margin=\u00bb||60px||false|false\u00bb custom_margin_tablet=\u00bb||30px||false|false\u00bb custom_margin_phone=\u00bb\u00bb custom_margin_last_edited=\u00bbon|tablet\u00bb locked=\u00bboff\u00bb global_colors_info=\u00bb{}\u00bb]<\/p>\n<p>+54 9 2615716450<\/p>\n<p>[\/et_pb_text][et_pb_text _builder_version=\u00bb4.20.2&#8243; _module_preset=\u00bbc299f4f5-8794-45a0-a01f-ad46a54d7e02&#8243; custom_margin=\u00bb||10px||false|false\u00bb locked=\u00bboff\u00bb global_colors_info=\u00bb{}\u00bb]<\/p>\n<h6>Seguinos<\/h6>\n<p>[\/et_pb_text][et_pb_social_media_follow use_icon_font_size=\u00bbon\u00bb icon_font_size=\u00bb12px\u00bb _builder_version=\u00bb4.20.2&#8243; _module_preset=\u00bbdefault\u00bb border_radii=\u00bbon|100px|100px|100px|100px\u00bb border_width_all=\u00bb1px\u00bb border_color_all=\u00bb#FFFFFF\u00bb locked=\u00bboff\u00bb global_colors_info=\u00bb{}\u00bb][et_pb_social_media_follow_network social_network=\u00bbfacebook\u00bb url=\u00bbhttps:\/\/www.facebook.com\/laherreriaconstrucciones\u00bb _builder_version=\u00bb4.20.2&#8243; _module_preset=\u00bbdefault\u00bb custom_padding=\u00bb4px|4px|4px|4px|true|true\u00bb global_colors_info=\u00bb{}\u00bb follow_button=\u00bboff\u00bb url_new_window=\u00bbon\u00bb]facebook[\/et_pb_social_media_follow_network][et_pb_social_media_follow_network social_network=\u00bbinstagram\u00bb url=\u00bbhttps:\/\/www.instagram.com\/laherreriaconstrucciones\/\u00bb _builder_version=\u00bb4.20.2&#8243; _module_preset=\u00bbdefault\u00bb custom_padding=\u00bb4px|4px|4px|4px|true|true\u00bb global_colors_info=\u00bb{}\u00bb follow_button=\u00bboff\u00bb url_new_window=\u00bbon\u00bb]instagram[\/et_pb_social_media_follow_network][\/et_pb_social_media_follow][\/et_pb_column][\/et_pb_row][\/et_pb_section]<\/p>\n","protected":false},"excerpt":{"rendered":"<p>Nuestros ServiciosSiempre garantizamos la m\u00e1xima calidad en nuestras obras, tanto en su construcci\u00f3n como en terminaciones, realizadas por un equipo de especialistas altamente calificados.\u00a0Desde 0 y hasta su finalizaci\u00f3n, nos encargamos de todos los detalles.Su idea en buenas manos, y el aporte de especialistas experimentados.Transportes de materiales, insumos y todo lo relacionado a concretar su [&hellip;]<\/p>\n","protected":false},"author":13,"featured_media":0,"parent":0,"menu_order":0,"comment_status":"closed","ping_status":"closed","template":"","meta":{"_et_pb_use_builder":"on","_et_pb_old_content":"","_et_gb_content_width":"","om_disable_all_campaigns":false,"_monsterinsights_skip_tracking":false,"_monsterinsights_sitenote_active":false,"_monsterinsights_sitenote_note":"","_monsterinsights_sitenote_category":0,"footnotes":""},"class_list":["post-113","page","type-page","status-publish","hentry"],"aioseo_notices":[],"_links":{"self":[{"href":"https:\/\/laherreriaconstrucciones.com.ar\/en\/wp-json\/wp\/v2\/pages\/113","targetHints":{"allow":["GET"]}}],"collection":[{"href":"https:\/\/laherreriaconstrucciones.com.ar\/en\/wp-json\/wp\/v2\/pages"}],"about":[{"href":"https:\/\/laherreriaconstrucciones.com.ar\/en\/wp-json\/wp\/v2\/types\/page"}],"author":[{"embeddable":true,"href":"https:\/\/laherreriaconstrucciones.com.ar\/en\/wp-json\/wp\/v2\/users\/13"}],"replies":[{"embeddable":true,"href":"https:\/\/laherreriaconstrucciones.com.ar\/en\/wp-json\/wp\/v2\/comments?post=113"}],"version-history":[{"count":17,"href":"https:\/\/laherreriaconstrucciones.com.ar\/en\/wp-json\/wp\/v2\/pages\/113\/revisions"}],"predecessor-version":[{"id":508,"href":"https:\/\/laherreriaconstrucciones.com.ar\/en\/wp-json\/wp\/v2\/pages\/113\/revisions\/508"}],"wp:attachment":[{"href":"https:\/\/laherreriaconstrucciones.com.ar\/en\/wp-json\/wp\/v2\/media?parent=113"}],"curies":[{"name":"wp","href":"https:\/\/api.w.org\/{rel}","templated":true}]}}