{"id":488,"date":"2024-11-07T11:36:44","date_gmt":"2024-11-07T14:36:44","guid":{"rendered":"https:\/\/laherreriaconstrucciones.com.ar\/?page_id=488"},"modified":"2024-11-20T12:02:29","modified_gmt":"2024-11-20T15:02:29","slug":"division-hogar","status":"publish","type":"page","link":"https:\/\/laherreriaconstrucciones.com.ar\/en\/division-hogar\/","title":{"rendered":"Home Division"},"content":{"rendered":"<p>[et_pb_section fb_built=\u00bb1&#8243; admin_label=\u00bbFooter\u00bb _builder_version=\u00bb4.27.3&#8243; _module_preset=\u00bbdefault\u00bb background_color=\u00bb#1f2538&#8243; saved_tabs=\u00bball\u00bb locked=\u00bboff\u00bb collapsed=\u00bbon\u00bb global_colors_info=\u00bb{}\u00bb][et_pb_row _builder_version=\u00bb4.27.2&#8243; _module_preset=\u00bbdefault\u00bb global_colors_info=\u00bb{}\u00bb][et_pb_column type=\u00bb4_4&#8243; _builder_version=\u00bb4.27.2&#8243; _module_preset=\u00bbdefault\u00bb global_colors_info=\u00bb{}\u00bb][et_pb_text _builder_version=\u00bb4.27.2&#8243; _module_preset=\u00bbdefault\u00bb global_colors_info=\u00bb{}\u00bb]<\/p>\n<h1 style=\"text-align: center;\">Divisi\u00f3n Hogar<\/h1>\n<p>[\/et_pb_text][\/et_pb_column][\/et_pb_row][\/et_pb_section][et_pb_section fb_built=\u00bb1&#8243; admin_label=\u00bbMap &#038; Contact Info\u00bb _builder_version=\u00bb4.27.3&#8243; _module_preset=\u00bbdefault\u00bb background_color=\u00bb#cccccc\u00bb collapsed=\u00bbon\u00bb global_colors_info=\u00bb{}\u00bb][et_pb_row column_structure=\u00bb1_2,1_2&#8243; _builder_version=\u00bb4.27.2&#8243; _module_preset=\u00bbdefault\u00bb global_colors_info=\u00bb{}\u00bb][et_pb_column type=\u00bb1_2&#8243; _builder_version=\u00bb4.27.2&#8243; _module_preset=\u00bbdefault\u00bb global_colors_info=\u00bb{}\u00bb][et_pb_video src=\u00bbhttps:\/\/laherreriaconstrucciones.com.ar\/wp-content\/uploads\/2024\/11\/1.mp4&#8243; _builder_version=\u00bb4.27.3&#8243; _module_preset=\u00bbdefault\u00bb global_colors_info=\u00bb{}\u00bb][\/et_pb_video][\/et_pb_column][et_pb_column type=\u00bb1_2&#8243; _builder_version=\u00bb4.27.2&#8243; _module_preset=\u00bbdefault\u00bb global_colors_info=\u00bb{}\u00bb][et_pb_text _builder_version=\u00bb4.27.3&#8243; _module_preset=\u00bbdefault\u00bb text_text_color=\u00bb#1f2538&#8243; text_font_size=\u00bb28px\u00bb text_line_height=\u00bb1.8em\u00bb text_font_size_tablet=\u00bb28px\u00bb text_font_size_phone=\u00bb16px\u00bb text_font_size_last_edited=\u00bbon|phone\u00bb global_colors_info=\u00bb{}\u00bb]<\/p>\n<p>Fabricamos e instalamos estructuras de obra: Techos, p\u00e9rgolas, cocheras, columnas de hierro, portones manuales o automatizados de todos los estilos y dise\u00f1os, puertas, cierres perimetrales, rejas. Ademas de decoraciones en quinchos como fachada de churrasqueras, fogones, estufas chimeneas suspendidas. Trabajamos en herrer\u00eda art\u00edstica con hierro forjado para barandas de escaleras, rejas, dise\u00f1os para puertas<\/p>\n<p>[\/et_pb_text][\/et_pb_column][\/et_pb_row][et_pb_row _builder_version=\u00bb4.27.3&#8243; _module_preset=\u00bbdefault\u00bb global_colors_info=\u00bb{}\u00bb][et_pb_column type=\u00bb4_4&#8243; _builder_version=\u00bb4.27.3&#8243; _module_preset=\u00bbdefault\u00bb global_colors_info=\u00bb{}\u00bb][et_pb_gallery gallery_ids=\u00bb540,541,542,567,565,566,569,570,575,576&#8243; orientation=\u00bbportrait\u00bb show_title_and_caption=\u00bboff\u00bb _builder_version=\u00bb4.27.3&#8243; _module_preset=\u00bbdefault\u00bb pagination_text_color=\u00bb#1f2538&#8243; hover_enabled=\u00bb0&#8243; border_color_all=\u00bb#1f2538&#8243; global_colors_info=\u00bb{}\u00bb sticky_enabled=\u00bb0&#8243;][\/et_pb_gallery][\/et_pb_column][\/et_pb_row][\/et_pb_section]<\/p>\n","protected":false},"excerpt":{"rendered":"<p>Divisi\u00f3n HogarFabricamos e instalamos estructuras de obra: Techos, p\u00e9rgolas, cocheras, columnas de hierro, portones manuales o automatizados de todos los estilos y dise\u00f1os, puertas, cierres perimetrales, rejas. Ademas de decoraciones en quinchos como fachada de churrasqueras, fogones, estufas chimeneas suspendidas. Trabajamos en herrer\u00eda art\u00edstica con hierro forjado para barandas de escaleras, rejas, dise\u00f1os para puertas<\/p>","protected":false},"author":12,"featured_media":0,"parent":0,"menu_order":0,"comment_status":"closed","ping_status":"closed","template":"","meta":{"_et_pb_use_builder":"on","_et_pb_old_content":"","_et_gb_content_width":"","om_disable_all_campaigns":false,"_monsterinsights_skip_tracking":false,"_monsterinsights_sitenote_active":false,"_monsterinsights_sitenote_note":"","_monsterinsights_sitenote_category":0,"footnotes":""},"class_list":["post-488","page","type-page","status-publish","hentry"],"aioseo_notices":[],"_links":{"self":[{"href":"https:\/\/laherreriaconstrucciones.com.ar\/en\/wp-json\/wp\/v2\/pages\/488","targetHints":{"allow":["GET"]}}],"collection":[{"href":"https:\/\/laherreriaconstrucciones.com.ar\/en\/wp-json\/wp\/v2\/pages"}],"about":[{"href":"https:\/\/laherreriaconstrucciones.com.ar\/en\/wp-json\/wp\/v2\/types\/page"}],"author":[{"embeddable":true,"href":"https:\/\/laherreriaconstrucciones.com.ar\/en\/wp-json\/wp\/v2\/users\/12"}],"replies":[{"embeddable":true,"href":"https:\/\/laherreriaconstrucciones.com.ar\/en\/wp-json\/wp\/v2\/comments?post=488"}],"version-history":[{"count":12,"href":"https:\/\/laherreriaconstrucciones.com.ar\/en\/wp-json\/wp\/v2\/pages\/488\/revisions"}],"predecessor-version":[{"id":673,"href":"https:\/\/laherreriaconstrucciones.com.ar\/en\/wp-json\/wp\/v2\/pages\/488\/revisions\/673"}],"wp:attachment":[{"href":"https:\/\/laherreriaconstrucciones.com.ar\/en\/wp-json\/wp\/v2\/media?parent=488"}],"curies":[{"name":"wp","href":"https:\/\/api.w.org\/{rel}","templated":true}]}}